{"id":550,"date":"2025-10-02T06:52:22","date_gmt":"2025-10-02T06:52:22","guid":{"rendered":"https:\/\/ng-acquisitions.com\/?page_id=550"},"modified":"2025-10-26T17:39:52","modified_gmt":"2025-10-26T17:39:52","slug":"about-us","status":"publish","type":"page","link":"https:\/\/ng-acquisitions.com\/index.php\/about-us\/","title":{"rendered":"About Us"},"content":{"rendered":"\n<div id=\"wp-block-themeisle-blocks-advanced-columns-c8ca2551\" class=\"wp-block-themeisle-blocks-advanced-columns alignfull has-1-columns has-desktop-equal-layout has-tablet-equal-layout has-mobile-equal-layout has-vertical-center\"><div class=\"wp-block-themeisle-blocks-advanced-columns-overlay\"><\/div><div class=\"innerblocks-wrap\">\n<div id=\"wp-block-themeisle-blocks-advanced-column-3437aeae\" class=\"wp-block-themeisle-blocks-advanced-column\">\n<h1 class=\"wp-block-heading has-text-color\" style=\"color:#ffffff;font-size:70px\">About Us<\/h1>\n<\/div>\n<\/div><\/div>\n\n\n\n<div id=\"wp-block-themeisle-blocks-advanced-columns-8fbb683b\" class=\"wp-block-themeisle-blocks-advanced-columns alignfull has-2-columns has-desktop-equal-layout has-tablet-equal-layout has-mobile-collapsedRows-layout has-vertical-unset\"><div class=\"wp-block-themeisle-blocks-advanced-columns-overlay\"><\/div><div class=\"innerblocks-wrap\">\n<div id=\"wp-block-themeisle-blocks-advanced-column-620e3016\" class=\"wp-block-themeisle-blocks-advanced-column has-light-bg\">\n<h6 class=\"wp-block-heading has-text-color\" style=\"color:#ee3832\"><strong>INNOVATION AND CRAFTSMANSHIP<\/strong><\/h6>\n\n\n\n<h2 class=\"wp-block-heading has-text-color has-link-color wp-elements-cad96093f8f18a184fc764ca6efa7472\" style=\"color:#070731;font-size:50px\"><strong>Mon profil &amp; mon parcours (CEO)<\/strong><\/h2>\n\n\n\n<p class=\"has-text-color has-link-color wp-elements-1ff112d78ac84063800247a9936e5f65\" style=\"color:#070731\">Entrepreneur dans l\u2019IT depuis plus de 13 ans, j\u2019ai accompagn\u00e9 de grands groupes dans leurs projets Cloud, DevOps et cybers\u00e9curit\u00e9.<\/p>\n\n\n\n<div class=\"wp-block-buttons is-layout-flex wp-block-buttons-is-layout-flex\">\n<div class=\"wp-block-button\"><a class=\"wp-block-button__link has-neve-link-hover-color-background-color has-background wp-element-button\" href=\"https:\/\/ng-acquisitions.com\/wp-content\/uploads\/2025\/10\/Cadrage-Reprise-V4.pdf\">\u2b07\ufe0f T\u00e9l\u00e9charger le dossier de reprise<\/a><\/div>\n<\/div>\n\n\n\n<div style=\"height:14px\" aria-hidden=\"true\" class=\"wp-block-spacer\"><\/div>\n\n\n\n<div id=\"wp-block-themeisle-blocks-icon-list-747b6d8a\" class=\"wp-block-themeisle-blocks-icon-list\">\n<div id=\"wp-block-themeisle-blocks-icon-list-item-819ce30f\" class=\"wp-block-themeisle-blocks-icon-list-item\"><i class=\"fas fa-angle-right wp-block-themeisle-blocks-icon-list-item-icon-custom\"><\/i><p class=\"wp-block-themeisle-blocks-icon-list-item-content-custom\">\ud83d\udcdc <strong>Certifi\u00e9<\/strong>: Plus de 10 certifications internationales dans le DevOps et le Cloud<\/p><\/div>\n\n\n\n<div id=\"wp-block-themeisle-blocks-icon-list-item-bb77079b\" class=\"wp-block-themeisle-blocks-icon-list-item\"><i class=\"fas fa-angle-right wp-block-themeisle-blocks-icon-list-item-icon-custom\"><\/i><p class=\"wp-block-themeisle-blocks-icon-list-item-content-custom\">\ud83d\udcd8 <strong>Auteur<\/strong> de 3 livres sp\u00e9cialis\u00e9s<\/p><\/div>\n\n\n\n<div id=\"wp-block-themeisle-blocks-icon-list-item-81ae72b6\" class=\"wp-block-themeisle-blocks-icon-list-item\"><i class=\"fas fa-angle-right wp-block-themeisle-blocks-icon-list-item-icon-custom\"><\/i><p class=\"wp-block-themeisle-blocks-icon-list-item-content\">\ud83c\udf93 <strong>Enseignant <\/strong>en \u00e9cole d\u2019ing\u00e9nieur<\/p><\/div>\n\n\n\n<div id=\"wp-block-themeisle-blocks-icon-list-item-909950f8\" class=\"wp-block-themeisle-blocks-icon-list-item\"><i class=\"fas fa-angle-right wp-block-themeisle-blocks-icon-list-item-icon-custom\"><\/i><p class=\"wp-block-themeisle-blocks-icon-list-item-content\">\ud83c\udfd8\ufe0f <strong><strong>Investisseur immobilier<\/strong><\/strong> avec 8 appartements<\/p><\/div>\n<\/div>\n<\/div>\n\n\n\n<div id=\"wp-block-themeisle-blocks-advanced-column-df784873\" class=\"wp-block-themeisle-blocks-advanced-column has-light-bg\">\n<figure class=\"wp-block-image size-full has-custom-border\"><img loading=\"lazy\" decoding=\"async\" width=\"512\" height=\"512\" src=\"https:\/\/ng-acquisitions.com\/wp-content\/uploads\/2025\/09\/cropped-IMG-20250228-WA0018-removebg-preview.png\" alt=\"\" class=\"wp-image-7\" style=\"border-style:none;border-width:0px;border-radius:0px\" srcset=\"https:\/\/ng-acquisitions.com\/wp-content\/uploads\/2025\/09\/cropped-IMG-20250228-WA0018-removebg-preview.png 512w, https:\/\/ng-acquisitions.com\/wp-content\/uploads\/2025\/09\/cropped-IMG-20250228-WA0018-removebg-preview-300x300.png 300w, https:\/\/ng-acquisitions.com\/wp-content\/uploads\/2025\/09\/cropped-IMG-20250228-WA0018-removebg-preview-150x150.png 150w, https:\/\/ng-acquisitions.com\/wp-content\/uploads\/2025\/09\/cropped-IMG-20250228-WA0018-removebg-preview-270x270.png 270w, https:\/\/ng-acquisitions.com\/wp-content\/uploads\/2025\/09\/cropped-IMG-20250228-WA0018-removebg-preview-192x192.png 192w, https:\/\/ng-acquisitions.com\/wp-content\/uploads\/2025\/09\/cropped-IMG-20250228-WA0018-removebg-preview-180x180.png 180w, https:\/\/ng-acquisitions.com\/wp-content\/uploads\/2025\/09\/cropped-IMG-20250228-WA0018-removebg-preview-32x32.png 32w\" sizes=\"auto, (max-width: 512px) 100vw, 512px\" \/><\/figure>\n<\/div>\n<\/div><\/div>\n\n\n\n<div id=\"wp-block-themeisle-blocks-advanced-columns-95c28c19\" class=\"wp-block-themeisle-blocks-advanced-columns alignfull has-1-columns has-desktop-equal-layout has-tablet-equal-layout has-mobile-equal-layout has-vertical-unset\"><div class=\"wp-block-themeisle-blocks-advanced-columns-overlay\"><\/div><div class=\"innerblocks-wrap\">\n<div id=\"wp-block-themeisle-blocks-advanced-column-5d4a582c\" class=\"wp-block-themeisle-blocks-advanced-column\">\n<p class=\"has-text-color\" style=\"color:#ffffff;font-size:24px\">Nous croyons que les PME sont le c\u0153ur battant de l\u2019\u00e9conomie. Notre mission est de les reprendre, de les valoriser et de les d\u00e9velopper durablement<em>.<\/em><\/p>\n\n\n\n<div style=\"height:20px\" aria-hidden=\"true\" class=\"wp-block-spacer\"><\/div>\n\n\n\n<h6 class=\"wp-block-heading has-text-color\" style=\"color:#ee3832\"><em>COMPANY CEO<\/em><\/h6>\n\n\n\n<h3 class=\"wp-block-heading has-text-color\" style=\"color:#ffffff\"><em>Franck TOUNGA, Fondateur &amp; CEO<\/em><\/h3>\n\n\n\n<div class=\"wp-block-buttons is-layout-flex wp-block-buttons-is-layout-flex\">\n<div class=\"wp-block-button is-style-primary\"><a class=\"wp-block-button__link wp-element-button\" href=\"https:\/\/ng-acquisitions.com\/wp-content\/uploads\/2025\/10\/Executive-Summary-V3.pdf\">\u2b07\ufe0f telecharger Executive Summary<\/a><\/div>\n<\/div>\n<\/div>\n<\/div><\/div>\n\n\n\n<div id=\"wp-block-themeisle-blocks-advanced-columns-6060ad37\" class=\"wp-block-themeisle-blocks-advanced-columns alignfull has-1-columns has-desktop-equal-layout has-tablet-equal-layout has-mobile-equal-layout has-vertical-unset has-light-bg\"><div class=\"wp-block-themeisle-blocks-advanced-columns-overlay\"><\/div><div class=\"innerblocks-wrap\">\n<div id=\"wp-block-themeisle-blocks-advanced-column-e9443913\" class=\"wp-block-themeisle-blocks-advanced-column\">\n<h6 class=\"wp-block-heading has-text-color\" style=\"color:#ee3832\">CRIT\u00c8RES PRINCIPAUX<\/h6>\n\n\n\n<h2 class=\"wp-block-heading has-text-color has-link-color wp-elements-3452fb95c26f6671b262b64385820673\" style=\"color:#070731\">Crit\u00e8res de reprise<\/h2>\n\n\n\n<p class=\"has-text-color has-link-color wp-elements-105eac4e8f911d741bced7ea88fca377\" style=\"color:#070731\">ous ciblons des PME rentables et solides r\u00e9pondant aux points suivants :<\/p>\n<\/div>\n<\/div><\/div>\n\n\n\n<div id=\"wp-block-themeisle-blocks-advanced-columns-f0d39e55\" class=\"wp-block-themeisle-blocks-advanced-columns alignfull has-3-columns has-desktop-equal-layout has-tablet-equal-layout has-mobile-collapsedRows-layout has-vertical-unset has-light-bg\"><div class=\"wp-block-themeisle-blocks-advanced-columns-overlay\"><\/div><div class=\"innerblocks-wrap\">\n<div id=\"wp-block-themeisle-blocks-advanced-column-df3a3bbe\" class=\"wp-block-themeisle-blocks-advanced-column has-light-bg\">\n<div id=\"wp-block-themeisle-blocks-font-awesome-icons-7b689dc6\" class=\"wp-block-themeisle-blocks-font-awesome-icons\"><span class=\"wp-block-themeisle-blocks-font-awesome-icons-container\"><i class=\"fas fa-euro-sign\"><\/i><\/span><\/div>\n\n\n\n<h3 class=\"wp-block-heading has-text-color\" style=\"color:#ee3832;margin-top:0px\">Taille vis\u00e9e<\/h3>\n\n\n\n<p class=\"has-text-color has-link-color wp-elements-d17bb19922d4a856b6a59152f2b1adfb\" style=\"color:#070731\">CA annuel <strong>4 \u00e0 10 M\u20ac<\/strong>, activit\u00e9 r\u00e9currente et base clients stable.<br><\/p>\n<\/div>\n\n\n\n<div id=\"wp-block-themeisle-blocks-advanced-column-a92486ee\" class=\"wp-block-themeisle-blocks-advanced-column has-light-bg\">\n<div id=\"wp-block-themeisle-blocks-font-awesome-icons-a8eb2801\" class=\"wp-block-themeisle-blocks-font-awesome-icons\"><span class=\"wp-block-themeisle-blocks-font-awesome-icons-container\"><i class=\"fas fa-thumbs-up\"><\/i><\/span><\/div>\n\n\n\n<h3 class=\"wp-block-heading has-text-color\" style=\"color:#fdb72b;margin-top:0px\"><strong>Rentabilit\u00e9<\/strong><\/h3>\n\n\n\n<p class=\"has-text-color has-link-color wp-elements-3ecdf5cb075ea37a1d884a4a1b52dfc9\" style=\"color:#070731\"><strong>EBE \u2265 15 %<\/strong>, tr\u00e9sorerie positive, historique pluriannuel, risque ma\u00eetris\u00e9.<br><\/p>\n<\/div>\n\n\n\n<div id=\"wp-block-themeisle-blocks-advanced-column-0c34f1ca\" class=\"wp-block-themeisle-blocks-advanced-column has-light-bg\">\n<div id=\"wp-block-themeisle-blocks-font-awesome-icons-a58203cd\" class=\"wp-block-themeisle-blocks-font-awesome-icons\"><span class=\"wp-block-themeisle-blocks-font-awesome-icons-container\"><i class=\"fas fa-cog\"><\/i><\/span><\/div>\n\n\n\n<h3 class=\"wp-block-heading has-text-color\" style=\"color:#ee3832;margin-top:0px\">Secteurs<\/h3>\n\n\n\n<p class=\"has-text-color has-link-color wp-elements-a3f3b7cda87ed9e8fd514df5402d4d55\" style=\"color:#070731\">Industrie &amp; <strong>BTP<\/strong>, <strong>Services B2B<\/strong>, Sant\u00e9 &amp; m\u00e9dico-social, Distribution sp\u00e9cialis\u00e9e.<br><\/p>\n<\/div>\n<\/div><\/div>\n\n\n\n<div id=\"wp-block-themeisle-blocks-advanced-columns-1e04c69f\" class=\"wp-block-themeisle-blocks-advanced-columns alignfull has-3-columns has-desktop-equal-layout has-tablet-equal-layout has-mobile-collapsedRows-layout has-vertical-unset has-light-bg\"><div class=\"wp-block-themeisle-blocks-advanced-columns-overlay\"><\/div><div class=\"innerblocks-wrap\">\n<div id=\"wp-block-themeisle-blocks-advanced-column-e2f34033\" class=\"wp-block-themeisle-blocks-advanced-column has-light-bg\">\n<div id=\"wp-block-themeisle-blocks-font-awesome-icons-01007488\" class=\"wp-block-themeisle-blocks-font-awesome-icons\"><span class=\"wp-block-themeisle-blocks-font-awesome-icons-container\"><i class=\"fas fa-house-damage\"><\/i><\/span><\/div>\n\n\n\n<h3 class=\"wp-block-heading has-text-color\" style=\"color:#ee3832;margin-top:0px\"><strong>Zone &amp; type d\u2019op\u00e9ration<\/strong><\/h3>\n\n\n\n<p class=\"has-text-color has-link-color wp-elements-28287a85c5ce9d2f5b8f1eb201fa9326\" style=\"color:#070731\">France &amp; <strong>Europe francophone<\/strong> ; reprise <strong>majoritaire<\/strong> privil\u00e9gi\u00e9e.<\/p>\n<\/div>\n\n\n\n<div id=\"wp-block-themeisle-blocks-advanced-column-947a4ba6\" class=\"wp-block-themeisle-blocks-advanced-column has-light-bg\">\n<div id=\"wp-block-themeisle-blocks-font-awesome-icons-f55dfef6\" class=\"wp-block-themeisle-blocks-font-awesome-icons\"><span class=\"wp-block-themeisle-blocks-font-awesome-icons-container\"><i class=\"fas fa-check\"><\/i><\/span><\/div>\n\n\n\n<h3 class=\"wp-block-heading has-text-color\" style=\"color:#fdb72b;margin-top:0px\"><strong>Transmission &amp; \u00e9quipes<\/strong><\/h3>\n\n\n\n<p class=\"has-text-color has-link-color wp-elements-21ee77282e49cb9d69465969aabb43e8\" style=\"color:#070731\">Dirigeant dispos\u00e9 \u00e0 passer le relais (<strong>6\u201312 mois<\/strong>) ; \u00e9quipes cl\u00e9s en place.<\/p>\n<\/div>\n\n\n\n<div id=\"wp-block-themeisle-blocks-advanced-column-eb3362ae\" class=\"wp-block-themeisle-blocks-advanced-column has-light-bg\">\n<div id=\"wp-block-themeisle-blocks-font-awesome-icons-d1643071\" class=\"wp-block-themeisle-blocks-font-awesome-icons\"><span class=\"wp-block-themeisle-blocks-font-awesome-icons-container\"><i class=\"fas fa-piggy-bank\"><\/i><\/span><\/div>\n\n\n\n<h3 class=\"wp-block-heading has-text-color\" style=\"color:#ee3832;margin-top:0px\">Financement<\/h3>\n\n\n\n<p class=\"has-text-color has-link-color wp-elements-2337260d4adbfc57abc571b57420df09\" style=\"color:#070731\"><strong>Ticket 2\u201310 M\u20ac<\/strong> en fonds propres, adoss\u00e9 \u00e0 un <strong>fonds d\u2019investissement<\/strong>.<\/p>\n<\/div>\n<\/div><\/div>\n\n\n\n<section id=\"wp-block-themeisle-blocks-advanced-columns-dab9e0bf\" class=\"wp-block-themeisle-blocks-advanced-columns alignfull has-1-columns has-desktop-equal-layout has-tablet-equal-layout has-mobile-equal-layout has-vertical-flex-start\"><div class=\"wp-block-themeisle-blocks-advanced-columns-overlay\"><\/div><div class=\"innerblocks-wrap\">\n<div id=\"wp-block-themeisle-blocks-advanced-column-9df22226\" class=\"wp-block-themeisle-blocks-advanced-column\">\n<section id=\"wp-block-themeisle-blocks-advanced-columns-25c95699\" class=\"wp-block-themeisle-blocks-advanced-columns has-1-columns has-desktop-equal-layout has-tablet-equal-layout has-mobile-equal-layout has-vertical-flex-start\"><div class=\"wp-block-themeisle-blocks-advanced-columns-overlay\"><\/div><div class=\"innerblocks-wrap\">\n<div id=\"wp-block-themeisle-blocks-advanced-column-d4d9a4f8\" class=\"wp-block-themeisle-blocks-advanced-column\">\n<h2 class=\"wp-block-heading has-text-align-center has-text-color\" style=\"color:#ffffff;font-size:50px\">Chiffres cl\u00e9s<\/h2>\n\n\n\n<div style=\"height:20px\" aria-hidden=\"true\" class=\"wp-block-spacer\"><\/div>\n\n\n\n<p class=\"has-text-align-center has-text-color\" style=\"color:#ffffff;font-size:22px\">Create custom header layouts in your favourite page builder and display.<\/p>\n<\/div>\n<\/div><\/section>\n\n\n\n<section id=\"wp-block-themeisle-blocks-advanced-columns-b56443a0\" class=\"wp-block-themeisle-blocks-advanced-columns has-4-columns has-desktop-equal-layout has-tablet-equal-layout has-mobile-collapsedRows-layout has-vertical-flex-start\"><div class=\"wp-block-themeisle-blocks-advanced-columns-overlay\"><\/div><div class=\"innerblocks-wrap\">\n<div id=\"wp-block-themeisle-blocks-advanced-column-1bb9ffb4\" class=\"wp-block-themeisle-blocks-advanced-column\">\n<p class=\"has-text-align-center has-text-color\" style=\"color:#ffffff;font-size:80px\"><strong>13+<\/strong><\/p>\n\n\n\n<div style=\"height:20px\" aria-hidden=\"true\" class=\"wp-block-spacer\"><\/div>\n\n\n\n<h6 class=\"wp-block-heading has-text-align-center has-white-color has-text-color\" style=\"margin-top:0px\">Exp\u00e9riences IT<\/h6>\n<\/div>\n\n\n\n<div id=\"wp-block-themeisle-blocks-advanced-column-e0a218d6\" class=\"wp-block-themeisle-blocks-advanced-column\">\n<p class=\"has-text-align-center has-text-color\" style=\"color:#ffffff;font-size:80px\"><strong>10+<\/strong><\/p>\n\n\n\n<div style=\"height:20px\" aria-hidden=\"true\" class=\"wp-block-spacer\"><\/div>\n\n\n\n<h6 class=\"wp-block-heading has-text-align-center has-text-color\" style=\"color:#ffffff;margin-top:0px;margin-bottom:0px\">Certifications Devops &amp; Cloud<\/h6>\n<\/div>\n\n\n\n<div id=\"wp-block-themeisle-blocks-advanced-column-0d3b88e5\" class=\"wp-block-themeisle-blocks-advanced-column\">\n<p class=\"has-text-align-center has-text-color\" style=\"color:#ffffff;font-size:80px\"><strong>3<\/strong><\/p>\n\n\n\n<div style=\"height:20px\" aria-hidden=\"true\" class=\"wp-block-spacer\"><\/div>\n\n\n\n<h6 class=\"wp-block-heading has-text-align-center has-text-color\" style=\"color:#ffffff;margin-top:0px\">Livres publi\u00e9s<\/h6>\n<\/div>\n\n\n\n<div id=\"wp-block-themeisle-blocks-advanced-column-07a5234d\" class=\"wp-block-themeisle-blocks-advanced-column\">\n<p class=\"has-text-align-center has-text-color\" style=\"color:#ffffff;font-size:80px\"><strong>7+<\/strong><\/p>\n\n\n\n<div style=\"height:20px\" aria-hidden=\"true\" class=\"wp-block-spacer\"><\/div>\n\n\n\n<h6 class=\"wp-block-heading has-text-align-center has-text-color\" style=\"color:#ffffff;margin-top:0px\">Biens immobiliers<\/h6>\n<\/div>\n<\/div><\/section>\n<\/div>\n<\/div><\/section>\n","protected":false},"excerpt":{"rendered":"","protected":false},"author":1,"featured_media":0,"parent":0,"menu_order":0,"comment_status":"closed","ping_status":"closed","template":"page-templates\/template-pagebuilder-full-width.php","meta":{"neve_meta_sidebar":"","neve_meta_container":"","neve_meta_enable_content_width":"","neve_meta_content_width":0,"neve_meta_title_alignment":"","neve_meta_author_avatar":"","neve_post_elements_order":"","neve_meta_disable_header":"","neve_meta_disable_footer":"","neve_meta_disable_title":"","_themeisle_gutenberg_block_has_review":false,"footnotes":""},"class_list":["post-550","page","type-page","status-publish","hentry"],"_links":{"self":[{"href":"https:\/\/ng-acquisitions.com\/index.php\/wp-json\/wp\/v2\/pages\/550","targetHints":{"allow":["GET"]}}],"collection":[{"href":"https:\/\/ng-acquisitions.com\/index.php\/wp-json\/wp\/v2\/pages"}],"about":[{"href":"https:\/\/ng-acquisitions.com\/index.php\/wp-json\/wp\/v2\/types\/page"}],"author":[{"embeddable":true,"href":"https:\/\/ng-acquisitions.com\/index.php\/wp-json\/wp\/v2\/users\/1"}],"replies":[{"embeddable":true,"href":"https:\/\/ng-acquisitions.com\/index.php\/wp-json\/wp\/v2\/comments?post=550"}],"version-history":[{"count":13,"href":"https:\/\/ng-acquisitions.com\/index.php\/wp-json\/wp\/v2\/pages\/550\/revisions"}],"predecessor-version":[{"id":609,"href":"https:\/\/ng-acquisitions.com\/index.php\/wp-json\/wp\/v2\/pages\/550\/revisions\/609"}],"wp:attachment":[{"href":"https:\/\/ng-acquisitions.com\/index.php\/wp-json\/wp\/v2\/media?parent=550"}],"curies":[{"name":"wp","href":"https:\/\/api.w.org\/{rel}","templated":true}]}}